{"id":132,"date":"2025-11-19T18:46:23","date_gmt":"2025-11-19T21:46:23","guid":{"rendered":"https:\/\/zuumpay.com.br\/?page_id=132"},"modified":"2025-12-22T13:36:15","modified_gmt":"2025-12-22T16:36:15","slug":"vantagens","status":"publish","type":"page","link":"https:\/\/zuumpay.com.br\/?page_id=132","title":{"rendered":"Vantagens"},"content":{"rendered":"<style>.elementor-132 .elementor-element.elementor-element-8904113{--display:flex;--flex-direction:row;--container-widget-width:calc( ( 1 - var( --container-widget-flex-grow ) ) * 100% );--container-widget-height:100%;--container-widget-flex-grow:1;--container-widget-align-self:stretch;--flex-wrap-mobile:wrap;--align-items:stretch;--gap:10px 10px;--row-gap:10px;--column-gap:10px;--margin-top:0px;--margin-bottom:0px;--margin-left:0px;--margin-right:0px;--padding-top:100px;--padding-bottom:0px;--padding-left:0px;--padding-right:0px;}.elementor-132 .elementor-element.elementor-element-34f944e{--display:flex;--gap:0px 0px;--row-gap:0px;--column-gap:0px;--margin-top:0px;--margin-bottom:0px;--margin-left:0px;--margin-right:100px;--padding-top:0px;--padding-bottom:0px;--padding-left:0px;--padding-right:0px;}.elementor-132 .elementor-element.elementor-element-114f515{--display:flex;--gap:0px 0px;--row-gap:0px;--column-gap:0px;--margin-top:0px;--margin-bottom:0px;--margin-left:0px;--margin-right:100px;--padding-top:0px;--padding-bottom:0px;--padding-left:0px;--padding-right:0px;}.elementor-132 .elementor-element.elementor-element-114f515.e-con{--flex-grow:0;--flex-shrink:0;}.elementor-132 .elementor-element.elementor-element-e6daed8{margin:0px 0px calc(var(--kit-widget-spacing, 0px) + 0px) 0px;padding:0px 0px 0px 0px;}.elementor-132 .elementor-element.elementor-element-e6daed8 .elementor-heading-title{font-family:var( --e-global-typography-ac8a1f2-font-family ), Sans-serif;font-size:var( --e-global-typography-ac8a1f2-font-size );font-weight:var( --e-global-typography-ac8a1f2-font-weight );text-transform:var( --e-global-typography-ac8a1f2-text-transform );line-height:var( --e-global-typography-ac8a1f2-line-height );color:var( --e-global-color-accent );}.elementor-132 .elementor-element.elementor-element-6d80613{margin:0px 0px calc(var(--kit-widget-spacing, 0px) + 0px) 0px;padding:20px 0px 0px 0px;}.elementor-132 .elementor-element.elementor-element-6d80613 .elementor-heading-title{font-family:var( --e-global-typography-c2e5a0c-font-family ), Sans-serif;font-size:var( --e-global-typography-c2e5a0c-font-size );font-weight:var( --e-global-typography-c2e5a0c-font-weight );text-transform:var( --e-global-typography-c2e5a0c-text-transform );line-height:var( --e-global-typography-c2e5a0c-line-height );color:var( --e-global-color-primary );}.elementor-132 .elementor-element.elementor-element-fb0148e{width:var( --container-widget-width, 100% );max-width:100%;margin:0px 0px calc(var(--kit-widget-spacing, 0px) + 0px) 0px;padding:20px 20px 0px 0px;--container-widget-width:100%;--container-widget-flex-grow:0;font-family:var( --e-global-typography-text-font-family ), Sans-serif;font-size:var( --e-global-typography-text-font-size );font-weight:var( --e-global-typography-text-font-weight );text-transform:var( --e-global-typography-text-text-transform );line-height:var( --e-global-typography-text-line-height );color:var( --e-global-color-accent );}.elementor-132 .elementor-element.elementor-element-cccb5ce{--display:flex;--gap:0px 0px;--row-gap:0px;--column-gap:0px;--margin-top:0px;--margin-bottom:0px;--margin-left:0px;--margin-right:0px;--padding-top:0px;--padding-bottom:0px;--padding-left:0px;--padding-right:0px;}.elementor-132 .elementor-element.elementor-element-d5a1351{--spacer-size:390px;background-color:transparent;margin:70px 0px calc(var(--kit-widget-spacing, 0px) + 0px) 0px;padding:0px 0px 0px 0px;z-index:1;background-image:linear-gradient(90deg, var( --e-global-color-primary ) 50%, var( --e-global-color-9fbacb2 ) 100%);border-radius:300px 300px 300px 300px;}body:not(.rtl) .elementor-132 .elementor-element.elementor-element-b3a7795{left:73px;}body.rtl .elementor-132 .elementor-element.elementor-element-b3a7795{right:73px;}.elementor-132 .elementor-element.elementor-element-b3a7795{top:54px;}.elementor-132 .elementor-element.elementor-element-b3a7795 img{width:100%;}.elementor-132 .elementor-element.elementor-element-0c399cd{--display:flex;--flex-direction:row;--container-widget-width:calc( ( 1 - var( --container-widget-flex-grow ) ) * 100% );--container-widget-height:100%;--container-widget-flex-grow:1;--container-widget-align-self:stretch;--flex-wrap-mobile:wrap;--align-items:stretch;--gap:10px 10px;--row-gap:10px;--column-gap:10px;--margin-top:30px;--margin-bottom:0px;--margin-left:0px;--margin-right:0px;--padding-top:0px;--padding-bottom:0px;--padding-left:0px;--padding-right:0px;}.elementor-132 .elementor-element.elementor-element-2ed7a52{--display:flex;--gap:0px 0px;--row-gap:0px;--column-gap:0px;--margin-top:0px;--margin-bottom:0px;--margin-left:0px;--margin-right:0px;--padding-top:0px;--padding-bottom:0px;--padding-left:0px;--padding-right:0px;}.elementor-132 .elementor-element.elementor-element-2ed7a52.e-con{--flex-grow:0;--flex-shrink:0;}.elementor-132 .elementor-element.elementor-element-137f426{margin:0px 0px calc(var(--kit-widget-spacing, 0px) + 0px) 0px;padding:0px 0px 0px 0px;top:-544px;z-index:0;text-align:left;}body:not(.rtl) .elementor-132 .elementor-element.elementor-element-137f426{left:55px;}body.rtl .elementor-132 .elementor-element.elementor-element-137f426{right:55px;}.elementor-132 .elementor-element.elementor-element-137f426:not(.e-transform){-moz-transform:rotate(180deg);-webkit-transform:rotate(180deg);-o-transform:rotate(180deg);-ms-transform:rotate(180deg);transform:rotate(180deg);}.elementor-132 .elementor-element.elementor-element-137f426.e-transform{--e-transform-rotateZ:180deg;}.elementor-132 .elementor-element.elementor-element-137f426 img{width:100%;max-width:100%;height:500px;}.elementor-132 .elementor-element.elementor-element-3248401{--display:flex;--position:absolute;--gap:0px 0px;--row-gap:0px;--column-gap:0px;--border-radius:10px 10px 10px 10px;box-shadow:0px 20px 15px 0px rgba(0, 0, 0, 0.1);--margin-top:0px;--margin-bottom:0px;--margin-left:0px;--margin-right:0px;--padding-top:10px;--padding-bottom:10px;--padding-left:0px;--padding-right:0px;bottom:400px;--z-index:2;}.elementor-132 .elementor-element.elementor-element-3248401:not(.elementor-motion-effects-element-type-background), .elementor-132 .elementor-element.elementor-element-3248401 > .elementor-motion-effects-container > .elementor-motion-effects-layer{background-color:var( --e-global-color-1e66dcc );}.elementor-132 .elementor-element.elementor-element-3248401.e-con{--flex-grow:0;--flex-shrink:0;}.elementor-132 .elementor-element.elementor-element-99f1337{margin:0px 0px calc(var(--kit-widget-spacing, 0px) + 0px) 0px;padding:0px 0px 0px 0px;}.elementor-132 .elementor-element.elementor-element-99f1337 img{width:50%;}.elementor-132 .elementor-element.elementor-element-48e53dc{--display:flex;--position:absolute;--gap:0px 0px;--row-gap:0px;--column-gap:0px;--border-radius:10px 10px 10px 10px;box-shadow:0px 20px 15px 0px rgba(0, 0, 0, 0.1);--margin-top:0px;--margin-bottom:0px;--margin-left:0px;--margin-right:0px;--padding-top:10px;--padding-bottom:10px;--padding-left:0px;--padding-right:0px;bottom:500px;--z-index:2;}.elementor-132 .elementor-element.elementor-element-48e53dc:not(.elementor-motion-effects-element-type-background), .elementor-132 .elementor-element.elementor-element-48e53dc > .elementor-motion-effects-container > .elementor-motion-effects-layer{background-color:var( --e-global-color-1e66dcc );}.elementor-132 .elementor-element.elementor-element-48e53dc.e-con{--flex-grow:0;--flex-shrink:0;}body:not(.rtl) .elementor-132 .elementor-element.elementor-element-48e53dc{left:370px;}body.rtl .elementor-132 .elementor-element.elementor-element-48e53dc{right:370px;}.elementor-132 .elementor-element.elementor-element-9912309{margin:0px 0px calc(var(--kit-widget-spacing, 0px) + 0px) 0px;padding:0px 0px 0px 0px;}.elementor-132 .elementor-element.elementor-element-9912309 img{width:40%;}@media(max-width:1024px){.elementor-132 .elementor-element.elementor-element-8904113{--margin-top:0px;--margin-bottom:0px;--margin-left:0px;--margin-right:0px;--padding-top:70px;--padding-bottom:70px;--padding-left:20px;--padding-right:20px;}.elementor-132 .elementor-element.elementor-element-34f944e{--gap:0px 0px;--row-gap:0px;--column-gap:0px;--margin-top:0px;--margin-bottom:0px;--margin-left:0px;--margin-right:20px;--padding-top:0px;--padding-bottom:0px;--padding-left:0px;--padding-right:0px;}.elementor-132 .elementor-element.elementor-element-114f515{--gap:0px 0px;--row-gap:0px;--column-gap:0px;--margin-top:0px;--margin-bottom:0px;--margin-left:0px;--margin-right:20px;--padding-top:0px;--padding-bottom:0px;--padding-left:0px;--padding-right:0px;}.elementor-132 .elementor-element.elementor-element-e6daed8{margin:0px 0px calc(var(--kit-widget-spacing, 0px) + 0px) 0px;padding:0px 0px 0px 0px;}.elementor-132 .elementor-element.elementor-element-e6daed8 .elementor-heading-title{font-size:var( --e-global-typography-ac8a1f2-font-size );line-height:var( --e-global-typography-ac8a1f2-line-height );}.elementor-132 .elementor-element.elementor-element-6d80613 .elementor-heading-title{font-size:var( --e-global-typography-c2e5a0c-font-size );line-height:var( --e-global-typography-c2e5a0c-line-height );}.elementor-132 .elementor-element.elementor-element-fb0148e{margin:0px 0px calc(var(--kit-widget-spacing, 0px) + 0px) 0px;padding:10px 0px 0px 0px;font-size:var( --e-global-typography-text-font-size );line-height:var( --e-global-typography-text-line-height );}.elementor-132 .elementor-element.elementor-element-cccb5ce{--gap:0px 0px;--row-gap:0px;--column-gap:0px;--margin-top:130px;--margin-bottom:0px;--margin-left:0px;--margin-right:0px;--padding-top:0px;--padding-bottom:0px;--padding-left:0px;--padding-right:0px;}.elementor-132 .elementor-element.elementor-element-d5a1351{--spacer-size:325px;margin:0px 0px calc(var(--kit-widget-spacing, 0px) + 0px) 0px;padding:0px 0px 0px 0px;}.elementor-132 .elementor-element.elementor-element-b3a7795{margin:0px 0px calc(var(--kit-widget-spacing, 0px) + 0px) 0px;padding:0px 0px 0px 0px;top:-59px;}body:not(.rtl) .elementor-132 .elementor-element.elementor-element-b3a7795{left:16px;}body.rtl .elementor-132 .elementor-element.elementor-element-b3a7795{right:16px;}.elementor-132 .elementor-element.elementor-element-137f426 img{width:100%;height:500px;}}@media(max-width:767px){.elementor-132 .elementor-element.elementor-element-8904113{--margin-top:0px;--margin-bottom:0px;--margin-left:0px;--margin-right:0px;--padding-top:50px;--padding-bottom:70px;--padding-left:20px;--padding-right:20px;}.elementor-132 .elementor-element.elementor-element-34f944e{--gap:0px 0px;--row-gap:0px;--column-gap:0px;--margin-top:0px;--margin-bottom:0px;--margin-left:0px;--margin-right:0px;--padding-top:0px;--padding-bottom:0px;--padding-left:0px;--padding-right:0px;}.elementor-132 .elementor-element.elementor-element-114f515{--gap:0px 0px;--row-gap:0px;--column-gap:0px;--margin-top:0px;--margin-bottom:0px;--margin-left:0px;--margin-right:0px;--padding-top:0px;--padding-bottom:0px;--padding-left:0px;--padding-right:0px;}.elementor-132 .elementor-element.elementor-element-e6daed8{margin:0px 0px calc(var(--kit-widget-spacing, 0px) + 0px) 0px;padding:0px 0px 0px 0px;text-align:center;}.elementor-132 .elementor-element.elementor-element-e6daed8 .elementor-heading-title{font-size:var( --e-global-typography-ac8a1f2-font-size );line-height:var( --e-global-typography-ac8a1f2-line-height );}.elementor-132 .elementor-element.elementor-element-6d80613{margin:0px 0px calc(var(--kit-widget-spacing, 0px) + 0px) 0px;padding:10px 0px 0px 0px;text-align:center;}.elementor-132 .elementor-element.elementor-element-6d80613 .elementor-heading-title{font-size:var( --e-global-typography-c2e5a0c-font-size );line-height:var( --e-global-typography-c2e5a0c-line-height );}.elementor-132 .elementor-element.elementor-element-fb0148e{text-align:center;font-size:var( --e-global-typography-text-font-size );line-height:var( --e-global-typography-text-line-height );}.elementor-132 .elementor-element.elementor-element-cccb5ce{--gap:0px 0px;--row-gap:0px;--column-gap:0px;--margin-top:50px;--margin-bottom:0px;--margin-left:0px;--margin-right:0px;--padding-top:0px;--padding-bottom:0px;--padding-left:0px;--padding-right:0px;}.elementor-132 .elementor-element.elementor-element-d5a1351{--spacer-size:315px;padding:0px 0px 0px 0px;}.elementor-132 .elementor-element.elementor-element-b3a7795{margin:0px 0px calc(var(--kit-widget-spacing, 0px) + 0px) 0px;padding:0px 0px 0px 0px;top:98px;}body:not(.rtl) .elementor-132 .elementor-element.elementor-element-b3a7795{left:15px;}body.rtl .elementor-132 .elementor-element.elementor-element-b3a7795{right:15px;}.elementor-132 .elementor-element.elementor-element-b3a7795 img{width:55%;}.elementor-132 .elementor-element.elementor-element-99f1337 img{width:12%;}}@media(min-width:768px){.elementor-132 .elementor-element.elementor-element-34f944e{--width:60%;}.elementor-132 .elementor-element.elementor-element-114f515{--width:100%;}.elementor-132 .elementor-element.elementor-element-cccb5ce{--width:50%;}.elementor-132 .elementor-element.elementor-element-2ed7a52{--width:25%;}.elementor-132 .elementor-element.elementor-element-3248401{--width:10%;}.elementor-132 .elementor-element.elementor-element-48e53dc{--width:10%;}}@media(max-width:1024px) and (min-width:768px){.elementor-132 .elementor-element.elementor-element-34f944e{--width:100%;}.elementor-132 .elementor-element.elementor-element-114f515{--width:100%;}.elementor-132 .elementor-element.elementor-element-cccb5ce{--width:100%;}}<\/style>\t\t<div data-elementor-type=\"wp-page\" data-elementor-id=\"132\" class=\"elementor elementor-132\" data-elementor-post-type=\"page\">\n\t\t\t\t<div class=\"elementor-element elementor-element-8904113 e-flex e-con-boxed e-con e-parent\" data-id=\"8904113\" data-element_type=\"container\">\n\t\t\t\t\t<div class=\"e-con-inner\">\n\t\t<div class=\"elementor-element elementor-element-34f944e e-con-full e-flex e-con e-child\" data-id=\"34f944e\" data-element_type=\"container\">\n\t\t<div class=\"elementor-element elementor-element-114f515 e-con-full e-flex e-con e-child\" data-id=\"114f515\" data-element_type=\"container\">\n\t\t\t\t<div class=\"elementor-element elementor-element-e6daed8 elementor-widget elementor-widget-heading\" data-id=\"e6daed8\" data-element_type=\"widget\" data-widget_type=\"heading.default\">\n\t\t\t\t\t<h2 class=\"elementor-heading-title elementor-size-default\">Conhe\u00e7a nossas Vantagens<\/h2>\t\t\t\t<\/div>\n\t\t\t\t<div class=\"elementor-element elementor-element-6d80613 elementor-widget elementor-widget-heading\" data-id=\"6d80613\" data-element_type=\"widget\" data-widget_type=\"heading.default\">\n\t\t\t\t\t<h2 class=\"elementor-heading-title elementor-size-default\">Escolher a Zuum Pay \u00e9 garantir uma vida financeira mais leve e inteligente: <\/h2>\t\t\t\t<\/div>\n\t\t\t\t<div class=\"elementor-element elementor-element-fb0148e elementor-widget__width-initial elementor-widget elementor-widget-text-editor\" data-id=\"fb0148e\" data-element_type=\"widget\" data-widget_type=\"text-editor.default\">\n\t\t\t\t\t\t\t\t\t<p>\u2728 Abertura de conta r\u00e1pida N\u00e3o precisa enfrentar filas, enviar papelada ou esperar dias.<\/p><p>\u2728 Sem burocracia Tudo digital, simples e direto.<\/p><p>\u2728 Pagamentos completos Boleto, cart\u00e3o, transfer\u00eancia e PIX \u2014 tudo na mesma plataforma.<\/p><p>\u2728 Cobran\u00e7a para clientes Ideal para aut\u00f4nomos, MEIs e empresas que precisam emitir boletos e organizar recebimentos.<\/p><p>\u2728 Seguran\u00e7a refor\u00e7ada Tecnologia antifraude e monitoramento cont\u00ednuo.<\/p><p>\u2728 Atendimento humano e eficiente Suporte dispon\u00edvel para ajudar sempre que precisar.<\/p><p>Zuum Pay \u00e9 mais economia, mais liberdade e mais controle.<\/p>\t\t\t\t\t\t\t\t<\/div>\n\t\t\t\t<\/div>\n\t\t\t\t<\/div>\n\t\t<div class=\"elementor-element elementor-element-cccb5ce e-con-full e-flex e-con e-child\" data-id=\"cccb5ce\" data-element_type=\"container\">\n\t\t\t\t<div class=\"elementor-element elementor-element-d5a1351 elementor-widget elementor-widget-spacer\" data-id=\"d5a1351\" data-element_type=\"widget\" data-settings=\"{&quot;_animation_mobile&quot;:&quot;bounceIn&quot;}\" data-widget_type=\"spacer.default\">\n\t\t\t\t\t\t\t<div class=\"elementor-spacer\">\n\t\t\t<div class=\"elementor-spacer-inner\"><\/div>\n\t\t<\/div>\n\t\t\t\t\t\t<\/div>\n\t\t\t\t<div class=\"elementor-element elementor-element-b3a7795 elementor-absolute elementor-widget elementor-widget-image\" data-id=\"b3a7795\" data-element_type=\"widget\" data-settings=\"{&quot;_position&quot;:&quot;absolute&quot;}\" data-widget_type=\"image.default\">\n\t\t\t\t\t\t\t\t\t\t\t\t\t\t\t<img fetchpriority=\"high\" decoding=\"async\" width=\"289\" height=\"408\" src=\"https:\/\/zuumpay.com.br\/wp-content\/uploads\/2025\/11\/WhatsApp_Image_2025-11-19_at_11.14.25-removebg-.png\" class=\"attachment-full size-full wp-image-240\" alt=\"\" srcset=\"https:\/\/zuumpay.com.br\/wp-content\/uploads\/2025\/11\/WhatsApp_Image_2025-11-19_at_11.14.25-removebg-.png 289w, https:\/\/zuumpay.com.br\/wp-content\/uploads\/2025\/11\/WhatsApp_Image_2025-11-19_at_11.14.25-removebg--213x300.png 213w\" sizes=\"(max-width: 289px) 100vw, 289px\" \/>\t\t\t\t\t\t\t\t\t\t\t\t\t\t\t<\/div>\n\t\t<div class=\"elementor-element elementor-element-0c399cd elementor-hidden-tablet elementor-hidden-mobile e-con-full e-flex e-con e-child\" data-id=\"0c399cd\" data-element_type=\"container\">\n\t\t<div class=\"elementor-element elementor-element-2ed7a52 e-con-full e-flex e-con e-child\" data-id=\"2ed7a52\" data-element_type=\"container\">\n\t\t\t\t<div class=\"elementor-element elementor-element-137f426 elementor-absolute elementor-widget elementor-widget-image\" data-id=\"137f426\" data-element_type=\"widget\" data-settings=\"{&quot;_position&quot;:&quot;absolute&quot;}\" data-widget_type=\"image.default\">\n\t\t\t\t\t\t\t\t\t\t\t\t\t\t\t<img decoding=\"async\" width=\"67\" height=\"692\" src=\"https:\/\/zuumpay.com.br\/wp-content\/uploads\/2025\/11\/Group-1000002889.png\" class=\"attachment-full size-full wp-image-16\" alt=\"\" srcset=\"https:\/\/zuumpay.com.br\/wp-content\/uploads\/2025\/11\/Group-1000002889.png 67w, https:\/\/zuumpay.com.br\/wp-content\/uploads\/2025\/11\/Group-1000002889-29x300.png 29w\" sizes=\"(max-width: 67px) 100vw, 67px\" \/>\t\t\t\t\t\t\t\t\t\t\t\t\t\t\t<\/div>\n\t\t\t\t<\/div>\n\t\t<div class=\"elementor-element elementor-element-3248401 e-con-full elementor-hidden-tablet elementor-hidden-mobile e-flex e-con e-child\" data-id=\"3248401\" data-element_type=\"container\" data-settings=\"{&quot;background_background&quot;:&quot;classic&quot;,&quot;position&quot;:&quot;absolute&quot;}\">\n\t\t\t\t<div class=\"elementor-element elementor-element-99f1337 elementor-widget elementor-widget-image\" data-id=\"99f1337\" data-element_type=\"widget\" data-widget_type=\"image.default\">\n\t\t\t\t\t\t\t\t\t\t\t\t\t\t\t<img decoding=\"async\" width=\"39\" height=\"25\" src=\"https:\/\/zuumpay.com.br\/wp-content\/uploads\/2025\/11\/Group-14.png\" class=\"attachment-large size-large wp-image-17\" alt=\"\" \/>\t\t\t\t\t\t\t\t\t\t\t\t\t\t\t<\/div>\n\t\t\t\t<\/div>\n\t\t<div class=\"elementor-element elementor-element-48e53dc e-con-full elementor-hidden-tablet elementor-hidden-mobile e-flex e-con e-child\" data-id=\"48e53dc\" data-element_type=\"container\" data-settings=\"{&quot;background_background&quot;:&quot;classic&quot;,&quot;position&quot;:&quot;absolute&quot;}\">\n\t\t\t\t<div class=\"elementor-element elementor-element-9912309 elementor-widget elementor-widget-image\" data-id=\"9912309\" data-element_type=\"widget\" data-widget_type=\"image.default\">\n\t\t\t\t\t\t\t\t\t\t\t\t\t\t\t<img loading=\"lazy\" decoding=\"async\" width=\"33\" height=\"38\" src=\"https:\/\/zuumpay.com.br\/wp-content\/uploads\/2025\/11\/Subtract.png\" class=\"attachment-large size-large wp-image-18\" alt=\"\" \/>\t\t\t\t\t\t\t\t\t\t\t\t\t\t\t<\/div>\n\t\t\t\t<\/div>\n\t\t\t\t<\/div>\n\t\t\t\t<\/div>\n\t\t\t\t\t<\/div>\n\t\t\t\t<\/div>\n\t\t\t\t<\/div>\n\t\t","protected":false},"excerpt":{"rendered":"<p>Conhe\u00e7a nossas Vantagens Escolher a Zuum Pay \u00e9 garantir uma vida financeira mais leve e inteligente: \u2728 Abertura de conta r\u00e1pida N\u00e3o precisa enfrentar filas, enviar papelada ou esperar dias. \u2728 Sem burocracia Tudo digital, simples e direto. \u2728 Pagamentos completos Boleto, cart\u00e3o, transfer\u00eancia e PIX \u2014 tudo na mesma plataforma. \u2728 Cobran\u00e7a para clientes [&hellip;]<\/p>\n","protected":false},"author":1,"featured_media":0,"parent":0,"menu_order":0,"comment_status":"closed","ping_status":"closed","template":"elementor_canvas","meta":{"footnotes":""},"class_list":["post-132","page","type-page","status-publish","hentry"],"_links":{"self":[{"href":"https:\/\/zuumpay.com.br\/index.php?rest_route=\/wp\/v2\/pages\/132","targetHints":{"allow":["GET"]}}],"collection":[{"href":"https:\/\/zuumpay.com.br\/index.php?rest_route=\/wp\/v2\/pages"}],"about":[{"href":"https:\/\/zuumpay.com.br\/index.php?rest_route=\/wp\/v2\/types\/page"}],"author":[{"embeddable":true,"href":"https:\/\/zuumpay.com.br\/index.php?rest_route=\/wp\/v2\/users\/1"}],"replies":[{"embeddable":true,"href":"https:\/\/zuumpay.com.br\/index.php?rest_route=%2Fwp%2Fv2%2Fcomments&post=132"}],"version-history":[{"count":16,"href":"https:\/\/zuumpay.com.br\/index.php?rest_route=\/wp\/v2\/pages\/132\/revisions"}],"predecessor-version":[{"id":436,"href":"https:\/\/zuumpay.com.br\/index.php?rest_route=\/wp\/v2\/pages\/132\/revisions\/436"}],"wp:attachment":[{"href":"https:\/\/zuumpay.com.br\/index.php?rest_route=%2Fwp%2Fv2%2Fmedia&parent=132"}],"curies":[{"name":"wp","href":"https:\/\/api.w.org\/{rel}","templated":true}]}}